{"id":730,"date":"2024-08-24T00:12:07","date_gmt":"2024-08-23T21:12:07","guid":{"rendered":"https:\/\/tebeczacikart.com\/?page_id=730"},"modified":"2025-11-12T11:30:25","modified_gmt":"2025-11-12T08:30:25","slug":"bize-ulasin","status":"publish","type":"page","link":"https:\/\/tebeczacikart.com\/index.php\/bize-ulasin\/","title":{"rendered":"Bize Ula\u015f\u0131n"},"content":{"rendered":"\t\t<div data-elementor-type=\"wp-page\" data-elementor-id=\"730\" class=\"elementor elementor-730\">\n\t\t\t\t\t\t<section class=\"elementor-section elementor-top-section elementor-element elementor-element-512c3c4 elementor-section-content-middle elementor-section-full_width elementor-section-height-min-height elementor-section-height-default elementor-section-items-middle wpr-particle-no wpr-jarallax-no wpr-parallax-no wpr-sticky-section-no\" data-id=\"512c3c4\" data-element_type=\"section\" data-settings=\"{&quot;background_background&quot;:&quot;classic&quot;}\">\n\t\t\t\t\t\t\t<div class=\"elementor-background-overlay\"><\/div>\n\t\t\t\t\t\t\t<div class=\"elementor-container elementor-column-gap-default\">\n\t\t\t\t\t<div class=\"elementor-column elementor-col-100 elementor-top-column elementor-element elementor-element-8b9e48d\" data-id=\"8b9e48d\" data-element_type=\"column\">\n\t\t\t<div class=\"elementor-widget-wrap\">\n\t\t\t\t\t\t\t<\/div>\n\t\t<\/div>\n\t\t\t\t\t<\/div>\n\t\t<\/section>\n\t\t<div class=\"elementor-element elementor-element-1ff44f6 e-flex e-con-boxed wpr-particle-no wpr-jarallax-no wpr-parallax-no wpr-sticky-section-no e-con e-parent\" data-id=\"1ff44f6\" data-element_type=\"container\">\n\t\t\t\t\t<div class=\"e-con-inner\">\n\t\t\t\t<div class=\"elementor-element elementor-element-8f99261 elementor-widget elementor-widget-heading\" data-id=\"8f99261\" data-element_type=\"widget\" data-widget_type=\"heading.default\">\n\t\t\t\t<div class=\"elementor-widget-container\">\n\t\t\t<style>\/*! elementor - v3.23.0 - 25-07-2024 *\/\n.elementor-heading-title{padding:0;margin:0;line-height:1}.elementor-widget-heading .elementor-heading-title[class*=elementor-size-]>a{color:inherit;font-size:inherit;line-height:inherit}.elementor-widget-heading .elementor-heading-title.elementor-size-small{font-size:15px}.elementor-widget-heading .elementor-heading-title.elementor-size-medium{font-size:19px}.elementor-widget-heading .elementor-heading-title.elementor-size-large{font-size:29px}.elementor-widget-heading .elementor-heading-title.elementor-size-xl{font-size:39px}.elementor-widget-heading .elementor-heading-title.elementor-size-xxl{font-size:59px}<\/style><h2 class=\"elementor-heading-title elementor-size-default\">Bize Ula\u015f\u0131n<\/h2>\t\t<\/div>\n\t\t\t\t<\/div>\n\t\t\t\t\t<\/div>\n\t\t\t\t<\/div>\n\t\t<div class=\"elementor-element elementor-element-363cbf7 e-flex e-con-boxed wpr-particle-no wpr-jarallax-no wpr-parallax-no wpr-sticky-section-no e-con e-parent\" data-id=\"363cbf7\" data-element_type=\"container\">\n\t\t\t\t\t<div class=\"e-con-inner\">\n\t\t<div class=\"elementor-element elementor-element-9a91449 e-con-full e-flex wpr-particle-no wpr-jarallax-no wpr-parallax-no wpr-sticky-section-no e-con e-child\" data-id=\"9a91449\" data-element_type=\"container\">\n\t\t\t\t<div class=\"elementor-element elementor-element-0588995 elementor-widget elementor-widget-heading\" data-id=\"0588995\" data-element_type=\"widget\" data-widget_type=\"heading.default\">\n\t\t\t\t<div class=\"elementor-widget-container\">\n\t\t\t<h2 class=\"elementor-heading-title elementor-size-default\">Teb Eczac\u0131 Kart Sizleri Dinliyor.<\/h2>\t\t<\/div>\n\t\t\t\t<\/div>\n\t\t\t\t<div class=\"elementor-element elementor-element-f57efcd elementor-icon-list--layout-traditional elementor-list-item-link-full_width elementor-widget elementor-widget-icon-list\" data-id=\"f57efcd\" data-element_type=\"widget\" data-widget_type=\"icon-list.default\">\n\t\t\t\t<div class=\"elementor-widget-container\">\n\t\t\t<link rel=\"stylesheet\" href=\"https:\/\/tebeczacikart.com\/wp-content\/uploads\/elementor\/css\/custom-widget-icon-list.min.css?ver=1774692424\">\t\t<ul class=\"elementor-icon-list-items\">\n\t\t\t\t\t\t\t<li class=\"elementor-icon-list-item\">\n\t\t\t\t\t\t\t\t\t\t\t<span class=\"elementor-icon-list-icon\">\n\t\t\t\t\t\t\t<svg aria-hidden=\"true\" class=\"e-font-icon-svg e-fas-phone-alt\" viewBox=\"0 0 512 512\" xmlns=\"http:\/\/www.w3.org\/2000\/svg\"><path d=\"M497.39 361.8l-112-48a24 24 0 0 0-28 6.9l-49.6 60.6A370.66 370.66 0 0 1 130.6 204.11l60.6-49.6a23.94 23.94 0 0 0 6.9-28l-48-112A24.16 24.16 0 0 0 122.6.61l-104 24A24 24 0 0 0 0 48c0 256.5 207.9 464 464 464a24 24 0 0 0 23.4-18.6l24-104a24.29 24.29 0 0 0-14.01-27.6z\"><\/path><\/svg>\t\t\t\t\t\t<\/span>\n\t\t\t\t\t\t\t\t\t\t<span class=\"elementor-icon-list-text\">0312 911 52 52<\/span>\n\t\t\t\t\t\t\t\t\t<\/li>\n\t\t\t\t\t\t\t\t<li class=\"elementor-icon-list-item\">\n\t\t\t\t\t\t\t\t\t\t\t<span class=\"elementor-icon-list-icon\">\n\t\t\t\t\t\t\t<svg aria-hidden=\"true\" class=\"e-font-icon-svg e-fas-envelope\" viewBox=\"0 0 512 512\" xmlns=\"http:\/\/www.w3.org\/2000\/svg\"><path d=\"M502.3 190.8c3.9-3.1 9.7-.2 9.7 4.7V400c0 26.5-21.5 48-48 48H48c-26.5 0-48-21.5-48-48V195.6c0-5 5.7-7.8 9.7-4.7 22.4 17.4 52.1 39.5 154.1 113.6 21.1 15.4 56.7 47.8 92.2 47.6 35.7.3 72-32.8 92.3-47.6 102-74.1 131.6-96.3 154-113.7zM256 320c23.2.4 56.6-29.2 73.4-41.4 132.7-96.3 142.8-104.7 173.4-128.7 5.8-4.5 9.2-11.5 9.2-18.9v-19c0-26.5-21.5-48-48-48H48C21.5 64 0 85.5 0 112v19c0 7.4 3.4 14.3 9.2 18.9 30.6 23.9 40.7 32.4 173.4 128.7 16.8 12.2 50.2 41.8 73.4 41.4z\"><\/path><\/svg>\t\t\t\t\t\t<\/span>\n\t\t\t\t\t\t\t\t\t\t<span class=\"elementor-icon-list-text\">info@kirmizikurumsal.com.tr<\/span>\n\t\t\t\t\t\t\t\t\t<\/li>\n\t\t\t\t\t\t<\/ul>\n\t\t\t\t<\/div>\n\t\t\t\t<\/div>\n\t\t\t\t<\/div>\n\t\t<div class=\"elementor-element elementor-element-ece7683 e-con-full e-flex wpr-particle-no wpr-jarallax-no wpr-parallax-no wpr-sticky-section-no e-con e-child\" data-id=\"ece7683\" data-element_type=\"container\">\n\t\t\t\t<div class=\"elementor-element elementor-element-45baa8b fluent-form-widget-step-header-yes fluent-form-widget-step-progressbar-yes fluentform-widget-submit-button-custom elementor-widget elementor-widget-fluent-form-widget\" data-id=\"45baa8b\" data-element_type=\"widget\" data-widget_type=\"fluent-form-widget.default\">\n\t\t\t\t<div class=\"elementor-widget-container\">\n\t\t\t\n            <div class=\"fluentform-widget-wrapper fluentform-widget-align-default\">\n\n            \n            <div class='fluentform ff-default fluentform_wrapper_5 ffs_default_wrap'><form data-form_id=\"5\" id=\"fluentform_5\" class=\"frm-fluent-form fluent_form_5 ff-el-form-top ff_form_instance_5_1 ff-form-loading ffs_default\" data-form_instance=\"ff_form_instance_5_1\" method=\"POST\" ><fieldset  style=\"border: none!important;margin: 0!important;padding: 0!important;background-color: transparent!important;box-shadow: none!important;outline: none!important; min-inline-size: 100%;\">\n                    <legend class=\"ff_screen_reader_title\" style=\"display: block; margin: 0!important;padding: 0!important;height: 0!important;text-indent: -999999px;width: 0!important;overflow:hidden;\">Contact Form Demo<\/legend><input type='hidden' name='__fluent_form_embded_post_id' value='730' \/><input type=\"hidden\" id=\"_fluentform_5_fluentformnonce\" name=\"_fluentform_5_fluentformnonce\" value=\"ba74825fd0\" \/><input type=\"hidden\" name=\"_wp_http_referer\" value=\"\/index.php\/wp-json\/wp\/v2\/pages\/730\" \/><div data-type=\"name-element\" data-name=\"names\" class=\" ff-field_container ff-name-field-wrapper\" ><div class='ff-t-container'><div class='ff-t-cell '><div class='ff-el-group'><div class=\"ff-el-input--label ff-el-is-required asterisk-right\"><label for='ff_5_names_first_name_' aria-label=\"Ad\u0131n\u0131z\">Ad\u0131n\u0131z<\/label><\/div><div class='ff-el-input--content'><input type=\"text\" name=\"names[first_name]\" id=\"ff_5_names_first_name_\" class=\"ff-el-form-control\" aria-invalid=\"false\" aria-required=true><\/div><\/div><\/div><div class='ff-t-cell '><div class='ff-el-group'><div class=\"ff-el-input--label ff-el-is-required asterisk-right\"><label for='ff_5_names_last_name_' aria-label=\"Soyad\u0131n\u0131z\">Soyad\u0131n\u0131z<\/label><\/div><div class='ff-el-input--content'><input type=\"text\" name=\"names[last_name]\" id=\"ff_5_names_last_name_\" class=\"ff-el-form-control\" aria-invalid=\"false\" aria-required=true><\/div><\/div><\/div><\/div><\/div><div class='ff-el-group'><div class=\"ff-el-input--label ff-el-is-required asterisk-right\"><label for='ff_5_email' aria-label=\"E-posta Adresiniz\">E-posta Adresiniz<\/label><\/div><div class='ff-el-input--content'><input type=\"email\" name=\"email\" id=\"ff_5_email\" class=\"ff-el-form-control\" data-name=\"email\"  aria-invalid=\"false\" aria-required=true><\/div><\/div><div class='ff-el-group'><div class=\"ff-el-input--label ff-el-is-required asterisk-right\"><label for='ff_5_subject' aria-label=\"Mesaj\u0131n\u0131z\u0131n Konusu\">Mesaj\u0131n\u0131z\u0131n Konusu<\/label><\/div><div class='ff-el-input--content'><input type=\"text\" name=\"subject\" class=\"ff-el-form-control\" data-name=\"subject\" id=\"ff_5_subject\"  aria-invalid=\"false\" aria-required=true><\/div><\/div><div class='ff-el-group'><div class=\"ff-el-input--label ff-el-is-required asterisk-right\"><label for='ff_5_phone' aria-label=\"Telefon Numaran\u0131z\">Telefon Numaran\u0131z<\/label><\/div><div class='ff-el-input--content'><input name=\"phone\" class=\"ff-el-form-control ff-el-phone ff_el_with_extended_validation\" type=\"tel\" data-name=\"phone\" id=\"ff_5_phone\" inputmode=\"tel\"  aria-invalid='false' aria-required=true><\/div><\/div><div class='ff-el-group'><div class=\"ff-el-input--label ff-el-is-required asterisk-right\"><label for='ff_5_message' aria-label=\"Mesaj\u0131n\u0131z\">Mesaj\u0131n\u0131z<\/label><\/div><div class='ff-el-input--content'><textarea aria-invalid=\"false\" aria-required=true name=\"message\" id=\"ff_5_message\" class=\"ff-el-form-control\" rows=\"4\" cols=\"2\" data-name=\"message\" ><\/textarea><\/div><\/div><div class='ff-el-group    ff-el-input--content'><div class='ff-el-form-check ff-el-tc'><label aria-label='terms & conditions' class='ff-el-form-check-label ff_tc_label' for=gdpr-agreement_61ef659d10a7ba36e90ffb62f00d21c9><span class='ff_tc_checkbox'><input type=\"checkbox\" name=\"gdpr-agreement\" class=\"ff-el-form-check-input ff_gdpr_field\" data-name=\"gdpr-agreement\" id=\"gdpr-agreement_61ef659d10a7ba36e90ffb62f00d21c9\"  value='on' aria-invalid='false' aria-required=true><\/span> <div class='ff_t_c'>6698 Say\u0131l\u0131 Ki\u015fisel Verilerin Korunmas\u0131 Kanunu uyar\u0131nca haz\u0131rlanan <a href=\"https:\/\/tebeczacikart.com\/index.php\/aydinlatma-metni\/\">Ayd\u0131nlatma Metni<\/a>\u2019ni okudum. <\/div><\/label><\/div><\/div><div class='ff-el-group ff-text-center ff_submit_btn_wrapper'><button type=\"submit\" class=\"ff-btn ff-btn-submit ff-btn-md ff_btn_style\" >G\u00f6nder<\/button><\/div><\/fieldset><\/form><div id='fluentform_5_errors' class='ff-errors-in-stack ff_form_instance_5_1 ff-form-loading_errors ff_form_instance_5_1_errors'><\/div><\/div>        <script type=\"text\/javascript\">\n            window.fluent_form_ff_form_instance_5_1 = {\"id\":\"5\",\"settings\":{\"layout\":{\"labelPlacement\":\"top\",\"helpMessagePlacement\":\"with_label\",\"errorMessagePlacement\":\"inline\",\"cssClassName\":\"\",\"asteriskPlacement\":\"asterisk-right\"},\"restrictions\":{\"denyEmptySubmission\":{\"enabled\":false}}},\"form_instance\":\"ff_form_instance_5_1\",\"form_id_selector\":\"fluentform_5\",\"rules\":{\"names[first_name]\":{\"required\":{\"value\":true,\"message\":\"Bu Alan Zorunludur.\",\"global\":false,\"global_message\":\"Bu alan zorunludur.\"}},\"names[middle_name]\":{\"required\":{\"value\":false,\"message\":\"This field is required\",\"global\":false,\"global_message\":\"Bu alan zorunludur.\"}},\"names[last_name]\":{\"required\":{\"value\":true,\"message\":\"Bu Alan Zorunludur.\",\"global\":false,\"global_message\":\"Bu alan zorunludur.\"}},\"email\":{\"required\":{\"value\":true,\"message\":\"Bu Alan Zorunludur.\",\"global\":false,\"global_message\":\"Bu alan zorunludur.\"},\"email\":{\"value\":true,\"message\":\"Ge\\u00e7erli bir e-posta adresi girmelisiniz.\",\"global\":false,\"global_message\":\"Ge\\u00e7erli bir e-posta adresi girmelisiniz.\"}},\"subject\":{\"required\":{\"value\":true,\"message\":\"Bu alan zorunludur.\",\"global\":true,\"global_message\":\"Bu alan zorunludur.\"}},\"phone\":{\"required\":{\"value\":true,\"message\":\"Bu alan zorunludur.\",\"global\":true,\"global_message\":\"Bu alan zorunludur.\"},\"valid_phone_number\":{\"value\":true,\"message\":\"Telefon numaras\\u0131 ge\\u00e7ersiz.\",\"global\":false,\"global_message\":\"Phone number is not valid\"}},\"message\":{\"required\":{\"value\":true,\"message\":\"Bu alan zorunludur.\",\"global\":true,\"global_message\":\"Bu alan zorunludur.\"}},\"gdpr-agreement\":{\"required\":{\"value\":true,\"message\":\"Bu alan zorunludur.\",\"global_message\":\"Bu alan zorunludur.\",\"global\":true}}}};\n                    <\/script>\n                    <\/div>\n\n            \t\t<\/div>\n\t\t\t\t<\/div>\n\t\t\t\t<\/div>\n\t\t\t\t\t<\/div>\n\t\t\t\t<\/div>\n\t\t\t\t<\/div>\n\t\t","protected":false},"excerpt":{"rendered":"<p>Bize Ula\u015f\u0131n Teb Eczac\u0131 Kart Sizleri Dinliyor. 0312 911 52 52 info@kirmizikurumsal.com.tr Contact Form Demo Ad\u0131n\u0131zSoyad\u0131n\u0131zE-posta AdresinizMesaj\u0131n\u0131z\u0131n KonusuTelefon Numaran\u0131zMesaj\u0131n\u0131zG\u00f6nder<\/p>\n","protected":false},"author":1,"featured_media":0,"parent":0,"menu_order":0,"comment_status":"closed","ping_status":"closed","template":"elementor_canvas","meta":{"footnotes":""},"class_list":["post-730","page","type-page","status-publish","hentry"],"_links":{"self":[{"href":"https:\/\/tebeczacikart.com\/index.php\/wp-json\/wp\/v2\/pages\/730","targetHints":{"allow":["GET"]}}],"collection":[{"href":"https:\/\/tebeczacikart.com\/index.php\/wp-json\/wp\/v2\/pages"}],"about":[{"href":"https:\/\/tebeczacikart.com\/index.php\/wp-json\/wp\/v2\/types\/page"}],"author":[{"embeddable":true,"href":"https:\/\/tebeczacikart.com\/index.php\/wp-json\/wp\/v2\/users\/1"}],"replies":[{"embeddable":true,"href":"https:\/\/tebeczacikart.com\/index.php\/wp-json\/wp\/v2\/comments?post=730"}],"version-history":[{"count":25,"href":"https:\/\/tebeczacikart.com\/index.php\/wp-json\/wp\/v2\/pages\/730\/revisions"}],"predecessor-version":[{"id":1395,"href":"https:\/\/tebeczacikart.com\/index.php\/wp-json\/wp\/v2\/pages\/730\/revisions\/1395"}],"wp:attachment":[{"href":"https:\/\/tebeczacikart.com\/index.php\/wp-json\/wp\/v2\/media?parent=730"}],"curies":[{"name":"wp","href":"https:\/\/api.w.org\/{rel}","templated":true}]}}